{"id":37,"date":"2017-08-22T18:03:52","date_gmt":"2017-08-22T16:03:52","guid":{"rendered":"http:\/\/www.aumilieudesfleurs.com\/?page_id=37"},"modified":"2022-12-29T12:23:46","modified_gmt":"2022-12-29T11:23:46","slug":"accueil","status":"publish","type":"page","link":"https:\/\/www.aumilieudesfleurs.com\/","title":{"rendered":"Accueil"},"content":{"rendered":"<p><span style=\"color: #008000;\"><strong>Elise<\/strong><\/span> <span style=\"color: #000000;\">vous accueille<\/span> <span style=\"color: #008000;\"><strong>Au Milieu des Fleurs<\/strong><\/span> <span style=\"color: #000000;\">du mardi au samedi de 9h30 \u00e0 12h30 et de 15h \u00e0 19h, ainsi que le dimanche de 10h \u00e0 12h30 au Malena, lieu dit Saint Est\u00e8ve \u00e0 Roquevaire (13).<\/span><\/p>\n<p><span style=\"color: #000000;\">Nous fleurissons tous les \u00e9v\u00e9nements que vous souhaitez (inauguration, anniversaire, bapt\u00eame, mariage, deuil&#8230;). N&rsquo;h\u00e9sitez pas \u00e0 nous contacter pour plus de renseignements.<\/span><\/p>\n<p><span style=\"color: #000000;\">Suivez-nous sur&nbsp;<strong><a href=\"https:\/\/www.facebook.com\/pg\/aumilieudesfleurs\">Facebook<\/a><\/strong>. Nous mettons notre page \u00e0 jour plusieurs fois par semaine !<\/span><\/p>\n","protected":false},"excerpt":{"rendered":"<p>Elise vous accueille Au Milieu des Fleurs du mardi au samedi de 9h30 \u00e0 12h30 et de 15h \u00e0 19h, ainsi que le dimanche de 10h \u00e0 12h30 au Malena, lieu dit Saint Est\u00e8ve \u00e0 Roquevaire (13). Nous fleurissons tous les \u00e9v\u00e9nements que vous souhaitez (inauguration, anniversaire, bapt\u00eame, mariage, deuil&#8230;). N&rsquo;h\u00e9sitez pas \u00e0 nous contacter [&hellip;]<\/p>\n","protected":false},"author":1,"featured_media":0,"parent":0,"menu_order":0,"comment_status":"closed","ping_status":"closed","template":"","meta":[],"_links":{"self":[{"href":"https:\/\/www.aumilieudesfleurs.com\/index.php\/wp-json\/wp\/v2\/pages\/37"}],"collection":[{"href":"https:\/\/www.aumilieudesfleurs.com\/index.php\/wp-json\/wp\/v2\/pages"}],"about":[{"href":"https:\/\/www.aumilieudesfleurs.com\/index.php\/wp-json\/wp\/v2\/types\/page"}],"author":[{"embeddable":true,"href":"https:\/\/www.aumilieudesfleurs.com\/index.php\/wp-json\/wp\/v2\/users\/1"}],"replies":[{"embeddable":true,"href":"https:\/\/www.aumilieudesfleurs.com\/index.php\/wp-json\/wp\/v2\/comments?post=37"}],"version-history":[{"count":18,"href":"https:\/\/www.aumilieudesfleurs.com\/index.php\/wp-json\/wp\/v2\/pages\/37\/revisions"}],"predecessor-version":[{"id":200,"href":"https:\/\/www.aumilieudesfleurs.com\/index.php\/wp-json\/wp\/v2\/pages\/37\/revisions\/200"}],"wp:attachment":[{"href":"https:\/\/www.aumilieudesfleurs.com\/index.php\/wp-json\/wp\/v2\/media?parent=37"}],"curies":[{"name":"wp","href":"https:\/\/api.w.org\/{rel}","templated":true}]}}